{"id":213,"date":"2021-06-02T22:38:32","date_gmt":"2021-06-02T20:38:32","guid":{"rendered":"https:\/\/whatsapple.vog-products.it\/impressum\/"},"modified":"2022-06-10T11:32:12","modified_gmt":"2022-06-10T09:32:12","slug":"impressum","status":"publish","type":"page","link":"https:\/\/whatsapple.vog-products.it\/it\/impressum\/","title":{"rendered":"Impressum"},"content":{"rendered":"<div class=\"dsgvo fullwidth clearfix bg_white\">\n<div class=\"w1280 clearfix\">\n<h2>Anschrift und Informationen<\/h2>\n<div class=\"eingabedaten clearfix\">\n<p><strong>VOG-Products Gen. landw. Ges.<br \/>\n<\/strong>A. Nobel 1 . I-39055 Leifers<br \/>\nT +39 0471 592311<br \/>\nF +39 0471 592312<br \/>\nM\u00a0<a href=\"mailto:info@vog-products.it\">info@vog-products.it<\/a><\/p>\n<p><strong>Gesetzlicher Vertreter<\/strong><br \/>\nJohannes Runggaldier<\/p>\n<p><strong>Gesch\u00e4ftsf\u00fchrer<\/strong><br \/>\nChristoph Tappeiner<\/p>\n<p>Eingetragen im Handelsregister BZ<br \/>\nSteuer- und Mehrwertsteuernummer 00124290214<\/p>\n<\/div>\n<p><strong>Grafik, Programmierung<br \/>\n<\/strong>Effekt! GmbH<br \/>\nFleimstalerstra\u00dfe, 4<br \/>\n39044 Neumarkt<br \/>\nBZ &#8211; S\u00fcdtirol<br \/>\n<a href=\"https:\/\/www.effekt.it\" target=\"\" rel=\"noopener\">www.effekt.it<\/a><\/p>\n<p><strong>Informationen zur Online-Streitbeilegung gem\u00e4\u00df Art. 14, Abs. 1 der Verordnung (EU) Verordnung (EU) Nr. 524\/2013 \u00fcber Online-Streitbeilegung in Verbraucherangelegenheiten (ODR-Verordnung):<\/strong><\/p>\n<p>Die EU-Kommission hat eine Internetplattform zur Online-Beilegung von Streitigkeiten (\u0084OS-Plattform\u0093) bereitgestellt. Die OS-Plattform kann als Anlaufstelle zur au\u00dfergerichtlichen Beilegung von Streitigkeiten aus Online-Kaufvertr\u00e4gen oder Dienstleistungsvertr\u00e4gen dienen. Die OS-Plattform ist unter der Internet-Adresse <a href=\"https:\/\/ec.europa.eu\/consumers\/odr\" target=\"_blank\" rel=\"noopener\">ec.europa.eu\/consumers\/odr<\/a> erreichbar.<\/p>\n<\/div>\n<\/div>\n<div id=\"seitenanfang\" class=\"fullwidth content_block clearfix\">\n<div class=\"fullwidth dsgvo clearfix bg_white\">\n<div class=\"w1280 clearfix margin_unten\">\n<div class=\"textwrap\">\n<p><strong>Bilder<\/strong><br \/>\nAlle Bilder dieser Domain sind urheberrechtlich gesch\u00fctzt und d\u00fcrfen nicht weitergeleitet oder anderweitig verwendet werden.<\/p>\n<p>Fornisca un attributo `testo` nel suo shortcode!<br \/>\nFornisca un attributo `testo` nel suo shortcode!<br \/>\n<button  href=\"#consent-revoke\" role=\"button\" id=\"rcb-sc-link-revoke\" data-success-message=\"Hai revocato con successo il tuo consenso. La pagina verr\u00e0 ora ricaricata.\" class=\"rcb-sc-link rcb-sc-link-revoke \">Revocare i consensi<\/button><\/p>\n<\/div>\n<\/div>\n<\/div>\n<\/div>\n","protected":false},"excerpt":{"rendered":"<p>Anschrift und Informationen VOG-Products Gen. landw. Ges. A. Nobel 1 . I-39055 Leifers T +39 0471 592311 F +39 0471 592312 M\u00a0info@vog-products.it Gesetzlicher Vertreter Johannes Runggaldier Gesch\u00e4ftsf\u00fchrer Christoph Tappeiner Eingetragen [&hellip;]<\/p>\n","protected":false},"author":1,"featured_media":0,"parent":0,"menu_order":4,"comment_status":"closed","ping_status":"closed","template":"","meta":{"_acf_changed":false,"footnotes":""},"class_list":["post-213","page","type-page","status-publish","hentry"],"acf":[],"jetpack_sharing_enabled":true,"_links":{"self":[{"href":"https:\/\/whatsapple.vog-products.it\/it\/wp-json\/wp\/v2\/pages\/213","targetHints":{"allow":["GET"]}}],"collection":[{"href":"https:\/\/whatsapple.vog-products.it\/it\/wp-json\/wp\/v2\/pages"}],"about":[{"href":"https:\/\/whatsapple.vog-products.it\/it\/wp-json\/wp\/v2\/types\/page"}],"author":[{"embeddable":true,"href":"https:\/\/whatsapple.vog-products.it\/it\/wp-json\/wp\/v2\/users\/1"}],"replies":[{"embeddable":true,"href":"https:\/\/whatsapple.vog-products.it\/it\/wp-json\/wp\/v2\/comments?post=213"}],"version-history":[{"count":1,"href":"https:\/\/whatsapple.vog-products.it\/it\/wp-json\/wp\/v2\/pages\/213\/revisions"}],"predecessor-version":[{"id":1175,"href":"https:\/\/whatsapple.vog-products.it\/it\/wp-json\/wp\/v2\/pages\/213\/revisions\/1175"}],"wp:attachment":[{"href":"https:\/\/whatsapple.vog-products.it\/it\/wp-json\/wp\/v2\/media?parent=213"}],"curies":[{"name":"wp","href":"https:\/\/api.w.org\/{rel}","templated":true}]}}