{"id":212,"date":"2021-03-30T09:22:08","date_gmt":"2021-03-30T07:22:08","guid":{"rendered":"https:\/\/whatsapple.vog-products.it\/datenschutz\/"},"modified":"2022-06-10T11:59:58","modified_gmt":"2022-06-10T09:59:58","slug":"datenschutz","status":"publish","type":"page","link":"https:\/\/whatsapple.vog-products.it\/it\/datenschutz\/","title":{"rendered":"Informativa sulla protezione dei dati personali ai sensi dell\u2019art. 13 del Regolamento europeo sulla protezione dei dati n. 679\/2016"},"content":{"rendered":"<p>Prendiamo molto sul serio la protezione dei Suoi dati personali e, nell\u2019ambito della nostra attivit\u00e0, adottiamo tutte le misure necessarie per garantire tale tutela in conformit\u00e0 con il Regolamento europeo sulla protezione dei dati e con la legislazione nazionale.<\/p>\n<p>Come previsto dalla normativa sulla protezione dei dati personali, con la presente La informiamo in merito al <strong>trattamento dei Suoi dati personali durante l\u2019utilizzo del sito web e dell&#8217;iscrizione alla nostra newsletter<\/strong><\/p>\n<h3><strong>Considerazioni generali<\/strong><\/h3>\n<p>La presente informativa riguarda soltanto questo sito Internet. Qualora venisse reindirizzata ad altri siti tramite link, Le raccomandiamo di informarsi direttamente su tali siti in merito al trattamento dei Suoi dati.<\/p>\n<p>I paragrafi seguenti La informano sul modo, l\u2019ambito e lo scopo della raccolta, dell\u2019elaborazione e dell\u2019utilizzo dei dati personali durante l\u2019utilizzo del sito Internet.<\/p>\n<p>In linea di principio, i dati personali degli utenti vengono trattati esclusivamente ai fini necessari alla funzionalit\u00e0 di un sito internet e all\u2019offerta dei contenuti e servizi dell\u2019azienda. Il trattamento dei dati personali avviene soltanto previo consenso dell\u2019utente.<\/p>\n<h3><strong>Newsletter e strumenti<\/strong><\/h3>\n<p>L\u2019utilizzo di determinati servizi prevede la raccolta anche di altri dati personali come, ad esempio, nome e indirizzo e-mail, in caso di iscrizione alla newsletter. Il trattamento dei dati avviene sempre su base volontaria e tramite comunicazione e dichiarazione di consenso da parte dell\u2019utente stesso. I dati vengono utilizzati esclusivamente per lo svolgimento dei servizi richiesti (invio newsletter). L\u2019utente pu\u00f2 ritirare il consenso al trattamento in qualsiasi momento (<a href=\"mailto:Jutta.Perkmann@vog-products.it?subject=Cancellazione di questa email dalla newsletter !&amp;body=Si prega di cancellare questo indirizzo e-mail dalla newsletter. Grazie\">Clicca qu\u00ed<\/a>). La cancellazione dei dati avviene immediatamente.<\/p>\n<h3><strong>Dati di accesso \/ file di log del server<\/strong><\/h3>\n<p>Durante la navigazione nel presente sito, vengono raccolte automaticamente informazioni sulle abitudini di utilizzo dell\u2019utente e sulla sua interazione con il sito, cos\u00ec come i dati relativi al suo computer o dispositivo mobile (si tratta dei cosiddetti file di log del server). Tra questi dati rientrano:<\/p>\n<ul>\n<li>nome e URL del sito internet visitato, data e ora della visita<\/li>\n<li>tipologia e versione del browser<\/li>\n<li>sistema operativo<\/li>\n<li>referer URL (ovvero la pagina visitata precedentemente)<\/li>\n<li>indirizzo IP del client\/utente<\/li>\n<\/ul>\n<p>Tutti i file di log summenzionati vengono cancellati automaticamente dal server dopo 365 giorni. Durante questo periodo, l\u2019indirizzo IP dell\u2019utente viene memorizzato solo parzialmente in modo anonimo. Il rilevamento dei dati e la loro memorizzazione nei file di log sono imprescindibili per il funzionamento del sito. Tali dati vengono impiegati, senza attribuzione alla persona o ad altri profili, ai fini di valutazioni statistiche a scopo di gestione, sicurezza e ottimizzazione del presente sito internet, ma anche per il rilevamento anonimo del numero di visitatori (traffico), per la portata e il tipo di utilizzo del sito internet e dei servizi offerti e per il conteggio del numero di clic effettuati dai partner di cooperazione. Queste informazioni consentono di fornire contenuti personalizzati, basati sulla localizzazione, e di analizzare il traffico dati, nonch\u00e9 di individuare e correggere gli errori e migliorare i servizi offerti.<\/p>\n<p>Inoltre, il gestore del sito internet registra per ragioni amministrative gli indirizzi IP completi degli accessi allo scopo, tra gli altri, di rilevare attacchi informatici e difendersi da essi. Tali dati vengono cancellati al pi\u00f9 tardi dopo sette giorni.<\/p>\n<h3><strong>Cookie<\/strong><\/h3>\n<p>Il presente sito internet utilizza i cookie, file di testo che vengono memorizzati nel browser internet o dal browser internet sul sistema informatico dell\u2019utente. Quando si accede a un sito internet, nel sistema operativo pu\u00f2 venire memorizzato un cookie, ovvero una stringa di caratteri che consente di identificare in modo univoco il browser quando si ripete l\u2019accesso al medesimo sito.<\/p>\n<p>Il legittimo interesse per l\u2019utilizzo dei cookie ai sensi dell\u2019art. 6, paragrafo 1, lettera f) del Regolamento europeo sulla protezione dei dati \u00e8 quello di rendere il sito pi\u00f9 facile da usare, efficace e sicuro.<\/p>\n<p>Il presente sito utilizza i seguenti cookie:<\/p>\n<ul>\n<li>_gat<\/li>\n<li>_gid<\/li>\n<li>_ga<\/li>\n<\/ul>\n<p>Dal momento che i cookie vengono memorizzati direttamente sul computer dell\u2019utente, quest\u2019ultimo ha il pieno controllo sul loro uso, pertanto, modificando le impostazioni del proprio browser, pu\u00f2 disabilitarne o limitarne il trasferimento. I cookie gi\u00e0 memorizzati possono essere cancellati in qualsiasi momento, anche in modo automatico. Disattivando i cookie, potrebbe non essere pi\u00f9 possibile utilizzare a pieno tutte le funzioni del presente sito internet.<\/p>\n<h3><strong>Analisi Web con Google Analytics<\/strong><\/h3>\n<p>Questo sito Internet utilizza funzioni del servizio di analisi web Google Analytics. Tale servizio \u00e8 fornito da Google Inc., 1600 Amphitheatre Parkway, Mountain View, CA 94043, USA. Google Analytics utilizza cookies mirati.<\/p>\n<p>Pu\u00f2 trovare ulteriori informazioni sul trattamento dei dati degli utenti da parte di Google Analytics nell\u2019informativa sulla protezione dei dati di Google:<\/p>\n<p><a href=\"https:\/\/support.google.com\/analytics\/answer\/6004245?hl=it\" target=\"_blank\" rel=\"noopener\">https:\/\/support.google.com\/analytics\/answer\/6004245?hl=it<\/a><\/p>\n<p>Questo sito Internet utilizza Google Analytics con l\u2019estensione \u201canonymizeIP()\u201d affinch\u00e9 gli indirizzi IP vengano elaborati solo in forma abbreviata, escludendo cos\u00ec la possibilit\u00e0 di individuare riferimenti personali diretti.<\/p>\n<h3><strong>Google Maps<\/strong><\/h3>\n<p>VOG Products utilizza il servizio Google Maps API. Questo servizio \u00e8 offerto da Google Inc., 1600 Amphitheatre Parkway, Mountain View, CA 94043 USA. Tramite l\u2019utilizzo del servizio sul nostro sito vengono rilevati dati sull\u2019utilizzo del servizio, nonch\u00e9 parametri di ricerca utilizzati e trasmessi a Google Inc. Se non desidera che i dati raccolti siano collegati al Suo profilo, deve scollegarsi dal Suo Google account prima di accedere al sito web. Lei ha il diritto di opporsi alla creazione di questi profili utente. Per l\u2019esercizio di tale diritto deve rivolgersi a Google Inc.<\/p>\n<p>Maggiori dettagli sulla natura e sullo scopo della raccolta dei dati e sull\u2019utilizzo degli stessi da parte di Google Inc. sono disponibili sul sito https:\/\/policies.google.com\/privacy?gl=it. Maggiori informazioni sui termini di servizio di Google Maps\/Google Earth sono invece disponibili sul sito https:\/\/www.google.com\/intl\/it_it\/help\/terms_maps.html. Da parte nostra non viene effettuato nessun trattamento dei dati.<\/p>\n<h3><strong>Google Web Fonts<\/strong><\/h3>\n<p>Questo sito utilizza i cosiddetti web font, forniti da Google per la visualizzazione uniforme dei caratteri. Aprendo un sito, il browser dell\u2019utente carica i web font necessari nella cache per visualizzare correttamente testi e caratteri.<\/p>\n<p>A tal fine, il browser deve connettersi ai server di Google, comunicando a quest\u2019ultimo che il presente sito \u00e8 stato visitato dall\u2019indirizzo IP dell\u2019utente. L\u2019utilizzo di Google Web Fonts \u00e8 mirato a una presentazione uniforme e piacevole dei servizi offerti online e costituisce un interesse legittimo ai sensi dell\u2019art. 6, paragrafo 1, lettera f) del Regolamento generale sulla protezione dei dati.<\/p>\n<p>Qualora il browser dell\u2019utente non supporti i web font, verranno utilizzati i caratteri standard del computer da cui naviga.<\/p>\n<p>Ulteriori informazioni su Google Web Fonts sono disponibili al link\u00a0<a href=\"https:\/\/developers.google.com\/fonts\/faq\">https:\/\/developers.google.com\/fonts\/faq<\/a>\u00a0e nell\u2019Informativa sulla protezione dei dati di Google\u00a0<a href=\"https:\/\/www.google.com\/policies\/privacy\/\">https:\/\/www.google.com\/policies\/privacy\/<\/a>.<\/p>\n<h3><strong>Misure di sicurezza e crittografia SSL<\/strong><\/h3>\n<p>I Suoi dati personali vengono trattati elettronicamente nel rispetto dei diritti, delle libert\u00e0 fondamentali e della dignit\u00e0 dell\u2019Interessato per le finalit\u00e0 sopra indicate e, comunque, in conformit\u00e0 a tutte le misure organizzative e tecniche di sicurezza. L\u2019utilizzo dei Suoi dati \u00e8 improntato a principi di correttezza, legittimit\u00e0 e trasparenza. Per motivi di sicurezza e al fine di proteggere la trasmissione di contenuti riservati, il presente sito utilizza la crittografia SSL. Se \u00e8 attivata la crittografia SSL, i dati che Lei ci trasmette non possono essere letti da terzi.<\/p>\n<p>Viene prestata massima attenzione alla sicurezza dei dati nell\u2019ambito delle leggi applicabili sulla protezione dei dati e delle possibilit\u00e0 tecniche.<\/p>\n<h3><strong>Divulgazione a terzi<\/strong><\/h3>\n<p>I dati personali dell\u2019utente vengono trasmessi all\u2019agenzia pubblicitaria Effekt Srl, via Val di Fiemme 4 &#8211; 39044 Egna, che supporta la presente azienda nella gestione del sito internet e della newsletter e che, a tale scopo, \u00e8 stata nominata Responsabile del trattamento.<\/p>\n<p>Non vi \u00e8 alcun trasferimento di dati a Paesi extra UE.<\/p>\n<h3><strong>Periodo di conservazione<\/strong><\/h3>\n<p>I dati personali dell\u2019utente saranno conservati per il solo tempo necessario all\u2019adempimento del servizio richiesto (invio newsletter), che pu\u00f2 essere interrotto in qualsiasi momento, con conseguente cancellazione immediata dei dati.<\/p>\n<p><a href=\"mailto:Jutta.Perkmann@vog-products.it?subject=Cancellazione di questa email dalla newsletter!&amp;body=Si prega di cancellare questo indirizzo e-mail dalla newsletter. Grazie\">Clicca qu\u00ed<\/a><\/p>\n<h3><strong>Diritti dell\u00b4Interessato<\/strong><\/h3>\n<p>Le disposizioni in materia di protezione dei dati personali riconoscono all\u2019Interessato determinati diritti in merito al trattamento dei suoi dati.<\/p>\n<p>In particolare, l\u2019interessato pu\u00f2 richiedere in qualsiasi momento informazioni circa l\u2019esistenza di dati che lo riguardano, la loro origine e le modalit\u00e0 del trattamento. L\u2019interessato ha, inoltre, il diritto di ottenere l\u2019aggiornamento, l\u2019integrazione e la rettifica dei dati inesatti o incompleti, di richiedere la cancellazione dei dati, la limitazione di quelli trattati in violazione di legge e di opporsi al trattamento dei dati in generale. L\u2019interessato ha altres\u00ec il diritto di ottenere su richiesta che i suoi dati personali gli siano messi a disposizione in forma intelligibile ovvero che siano trasferiti a terzi.<\/p>\n<p>Desideriamo sottolineare che la persona interessata ha il diritto di modificare o revocare il suo consenso al trattamento dei dati in qualsiasi momento.<\/p>\n<p>Per esercitare tali diritti l\u2019Interessato pu\u00f2 rivolgersi direttamente alla VOG Products in veste di Titolare del trattamento. Eventuali richieste vanno rivolte per iscritto alla Societ\u00e0 cooperativa, come descritto pi\u00f9 dettagliatamente di seguito.<\/p>\n<p>Eventuali reclami possono essere indirizzati al \u201cGarante per la protezione dei dati personali\u201d.<\/p>\n<h3><strong>Titolare del trattamento<\/strong><\/h3>\n<p>Titolare del trattamento \u00e8 VOG Products con sede in Laives 39055, Via A. Nobel 1 tel., +390471592311, e-mail: <a href=\"mailto:info@vog-products.it\">info@vog-products.it<\/a><\/p>\n<p>Cordiali Saluti<\/p>\n<p>VOG Products<\/p>\n<p>Fornisca un attributo `testo` nel suo shortcode!<br \/>\nFornisca un attributo `testo` nel suo shortcode!<br \/>\n<button  href=\"#consent-revoke\" role=\"button\" id=\"rcb-sc-link-revoke\" data-success-message=\"Hai revocato con successo il tuo consenso. La pagina verr\u00e0 ora ricaricata.\" class=\"rcb-sc-link rcb-sc-link-revoke \">Revocare i consensi<\/button><\/p>\n<p>&nbsp;<\/p>\n","protected":false},"excerpt":{"rendered":"<p>Prendiamo molto sul serio la protezione dei Suoi dati personali e, nell\u2019ambito della nostra attivit\u00e0, adottiamo tutte le misure necessarie per garantire tale tutela in conformit\u00e0 con il Regolamento europeo [&hellip;]<\/p>\n","protected":false},"author":1,"featured_media":0,"parent":0,"menu_order":3,"comment_status":"closed","ping_status":"closed","template":"","meta":{"_acf_changed":false,"footnotes":""},"class_list":["post-212","page","type-page","status-publish","hentry"],"acf":[],"jetpack_sharing_enabled":true,"_links":{"self":[{"href":"https:\/\/whatsapple.vog-products.it\/it\/wp-json\/wp\/v2\/pages\/212","targetHints":{"allow":["GET"]}}],"collection":[{"href":"https:\/\/whatsapple.vog-products.it\/it\/wp-json\/wp\/v2\/pages"}],"about":[{"href":"https:\/\/whatsapple.vog-products.it\/it\/wp-json\/wp\/v2\/types\/page"}],"author":[{"embeddable":true,"href":"https:\/\/whatsapple.vog-products.it\/it\/wp-json\/wp\/v2\/users\/1"}],"replies":[{"embeddable":true,"href":"https:\/\/whatsapple.vog-products.it\/it\/wp-json\/wp\/v2\/comments?post=212"}],"version-history":[{"count":4,"href":"https:\/\/whatsapple.vog-products.it\/it\/wp-json\/wp\/v2\/pages\/212\/revisions"}],"predecessor-version":[{"id":1180,"href":"https:\/\/whatsapple.vog-products.it\/it\/wp-json\/wp\/v2\/pages\/212\/revisions\/1180"}],"wp:attachment":[{"href":"https:\/\/whatsapple.vog-products.it\/it\/wp-json\/wp\/v2\/media?parent=212"}],"curies":[{"name":"wp","href":"https:\/\/api.w.org\/{rel}","templated":true}]}}